       {"id":620,"date":"2020-08-20T15:53:04","date_gmt":"2020-08-20T15:53:04","guid":{"rendered":"http:\/\/solarinstalacije.hr\/?page_id=620"},"modified":"2020-08-21T05:43:22","modified_gmt":"2020-08-21T05:43:22","slug":"mrezni-fn-sustavi-on-grid","status":"publish","type":"page","link":"https:\/\/solarinstalacije.hr\/index.php\/mrezni-fn-sustavi-on-grid\/","title":{"rendered":"Mre\u017eni FN sustavi &#8211; on grid"},"content":{"rendered":"\t\t<div data-elementor-type=\"wp-page\" data-elementor-id=\"620\" class=\"elementor elementor-620\">\n\t\t\t\t\t\t<section class=\"elementor-section elementor-top-section elementor-element elementor-element-2febfda elementor-section-boxed elementor-section-height-default elementor-section-height-default\" data-id=\"2febfda\" data-element_type=\"section\">\n\t\t\t\t\t\t<div class=\"elementor-container elementor-column-gap-default\">\n\t\t\t\t\t<div class=\"elementor-column elementor-col-100 elementor-top-column elementor-element elementor-element-4ff2214\" data-id=\"4ff2214\" data-element_type=\"column\">\n\t\t\t<div class=\"elementor-widget-wrap elementor-element-populated\">\n\t\t\t\t\t\t<div class=\"elementor-element elementor-element-eb0cc4d elementor-widget elementor-widget-heading\" data-id=\"eb0cc4d\" data-element_type=\"widget\" data-widget_type=\"heading.default\">\n\t\t\t\t<div class=\"elementor-widget-container\">\n\t\t\t\t\t<h2 class=\"elementor-heading-title elementor-size-default\">Mre\u017eni foto naponski (FN) sustavi - on grid<\/h2>\t\t\t\t<\/div>\n\t\t\t\t<\/div>\n\t\t\t\t<div class=\"elementor-element elementor-element-9c6c684 elementor-widget-divider--view-line elementor-widget elementor-widget-divider\" data-id=\"9c6c684\" data-element_type=\"widget\" data-widget_type=\"divider.default\">\n\t\t\t\t<div class=\"elementor-widget-container\">\n\t\t\t\t\t\t\t<div class=\"elementor-divider\">\n\t\t\t<span class=\"elementor-divider-separator\">\n\t\t\t\t\t\t<\/span>\n\t\t<\/div>\n\t\t\t\t\t\t<\/div>\n\t\t\t\t<\/div>\n\t\t\t\t\t<\/div>\n\t\t<\/div>\n\t\t\t\t\t<\/div>\n\t\t<\/section>\n\t\t\t\t<section class=\"elementor-section elementor-top-section elementor-element elementor-element-f504a5b elementor-section-boxed elementor-section-height-default elementor-section-height-default\" data-id=\"f504a5b\" data-element_type=\"section\">\n\t\t\t\t\t\t<div class=\"elementor-container elementor-column-gap-default\">\n\t\t\t\t\t<div class=\"elementor-column elementor-col-50 elementor-top-column elementor-element elementor-element-e7711d0\" data-id=\"e7711d0\" data-element_type=\"column\">\n\t\t\t<div class=\"elementor-widget-wrap elementor-element-populated\">\n\t\t\t\t\t\t<div class=\"elementor-element elementor-element-3633767 elementor-drop-cap-yes elementor-drop-cap-view-default elementor-widget elementor-widget-text-editor\" data-id=\"3633767\" data-element_type=\"widget\" data-settings=\"{&quot;drop_cap&quot;:&quot;yes&quot;}\" data-widget_type=\"text-editor.default\">\n\t\t\t\t<div class=\"elementor-widget-container\">\n\t\t\t\t\t\t\t\t\t<p style=\"text-align: justify;\">Smanjite tro\u0161ak elektri\u010dne energije u va\u0161oj ku\u0107i ili poduze\u0107u instaliranjem sun\u010dane (fotonaponske) elektrane za vlastitu potro\u0161nju, odnosno samoopskrbu, uz mogu\u0107nost sufinanciranja sredstvima europskih i hrvatskih fondova za obnovljive izvore energije i energetsku u\u010dinkovitost.<\/p><p style=\"text-align: justify;\">Sun\u010dana elektrana je spojena na va\u0161u instalaciju, u paralelnom radu s mre\u017eom. Proizvedenu energiju koristite za vlastite potrebe, a eventualni vi\u0161ak elektri\u010dne energije isporu\u010dujete u mre\u017eu odabranom opskrbljiva\u010du. Ukoliko vam je potrebna dodatna elektri\u010dna energija (primjerice no\u0107u), preuzimate je iz javne distribucijske mre\u017ee preko istog obra\u010dunskog mjernog mjesta.<\/p><p style=\"text-align: justify;\">Kori\u0161tenjem elektri\u010dne energije iz vlastite elektrane, smanjujete koli\u010dine elektri\u010dne energije preuzete iz javne distribucijske mre\u017ee i s time povezane tro\u0161kove. Na kraju svakog mjeseca, izvr\u0161it \u0107e se obra\u010dun energije preuzete iz mre\u017ee i vi\u0161ka energije isporu\u010dene u mre\u017eu. Kod obra\u010duna potro\u0161nje elektri\u010dne energije, kao i naknade za kori\u0161tenje mre\u017ee te naknade za obnovljive izvore energije i visokou\u010dinkovitu kogeneraciju, uzima se u obzir samo koli\u010dina elektri\u010dne energije koja predstavlja razliku izme\u0111u preuzete i isporu\u010dene elektri\u010dne energije u pojedinoj tarifi (Net Metering). A, ukoliko ste isporu\u010dili u mre\u017eu vi\u0161e enegije nego \u0161to je preuzeto, vi\u0161ak \u0107e biti otkupljen po 80% kupovne cijene elektri\u010dne energije.<\/p>\t\t\t\t\t\t\t\t<\/div>\n\t\t\t\t<\/div>\n\t\t\t\t\t<\/div>\n\t\t<\/div>\n\t\t\t\t<div class=\"elementor-column elementor-col-50 elementor-top-column elementor-element elementor-element-c2d8dd3\" data-id=\"c2d8dd3\" data-element_type=\"column\">\n\t\t\t<div class=\"elementor-widget-wrap elementor-element-populated\">\n\t\t\t\t\t\t<div class=\"elementor-element elementor-element-6e6dc16 elementor-widget elementor-widget-image\" data-id=\"6e6dc16\" data-element_type=\"widget\" data-widget_type=\"image.default\">\n\t\t\t\t<div class=\"elementor-widget-container\">\n\t\t\t\t\t\t\t\t\t\t\t\t\t\t\t<img fetchpriority=\"high\" decoding=\"async\" width=\"486\" height=\"281\" src=\"https:\/\/solarinstalacije.hr\/wp-content\/uploads\/2020\/08\/mrezni.jpg\" class=\"attachment-large size-large wp-image-627\" alt=\"\" srcset=\"https:\/\/solarinstalacije.hr\/wp-content\/uploads\/2020\/08\/mrezni.jpg 486w, https:\/\/solarinstalacije.hr\/wp-content\/uploads\/2020\/08\/mrezni-300x173.jpg 300w\" sizes=\"(max-width: 486px) 100vw, 486px\" \/>\t\t\t\t\t\t\t\t\t\t\t\t\t\t\t<\/div>\n\t\t\t\t<\/div>\n\t\t\t\t\t<\/div>\n\t\t<\/div>\n\t\t\t\t\t<\/div>\n\t\t<\/section>\n\t\t\t\t<section class=\"elementor-section elementor-top-section elementor-element elementor-element-8da344f elementor-section-boxed elementor-section-height-default elementor-section-height-default\" data-id=\"8da344f\" data-element_type=\"section\">\n\t\t\t\t\t\t<div class=\"elementor-container elementor-column-gap-default\">\n\t\t\t\t\t<div class=\"elementor-column elementor-col-100 elementor-top-column elementor-element elementor-element-55dad6e\" data-id=\"55dad6e\" data-element_type=\"column\">\n\t\t\t<div class=\"elementor-widget-wrap elementor-element-populated\">\n\t\t\t\t\t\t<div class=\"elementor-element elementor-element-4c5ffe2 elementor-align-center elementor-widget elementor-widget-button\" data-id=\"4c5ffe2\" data-element_type=\"widget\" data-widget_type=\"button.default\">\n\t\t\t\t<div class=\"elementor-widget-container\">\n\t\t\t\t\t\t\t\t\t<div class=\"elementor-button-wrapper\">\n\t\t\t\t\t<a class=\"elementor-button elementor-button-link elementor-size-sm\" href=\"\/index.php\/kontakt\" target=\"_blank\">\n\t\t\t\t\t\t<span class=\"elementor-button-content-wrapper\">\n\t\t\t\t\t\t<span class=\"elementor-button-icon\">\n\t\t\t\t<i aria-hidden=\"true\" class=\"far fa-bell\"><\/i>\t\t\t<\/span>\n\t\t\t\t\t\t\t\t\t<span class=\"elementor-button-text\">VA\u0160 PRVI KORAK<\/span>\n\t\t\t\t\t<\/span>\n\t\t\t\t\t<\/a>\n\t\t\t\t<\/div>\n\t\t\t\t\t\t\t\t<\/div>\n\t\t\t\t<\/div>\n\t\t\t\t\t<\/div>\n\t\t<\/div>\n\t\t\t\t\t<\/div>\n\t\t<\/section>\n\t\t\t\t<section class=\"elementor-section elementor-top-section elementor-element elementor-element-bc7be87 elementor-section-boxed elementor-section-height-default elementor-section-height-default\" data-id=\"bc7be87\" data-element_type=\"section\" data-settings=\"{&quot;background_background&quot;:&quot;classic&quot;}\">\n\t\t\t\t\t\t<div class=\"elementor-container elementor-column-gap-default\">\n\t\t\t\t\t<div class=\"elementor-column elementor-col-100 elementor-top-column elementor-element elementor-element-92584c4\" data-id=\"92584c4\" data-element_type=\"column\">\n\t\t\t<div class=\"elementor-widget-wrap\">\n\t\t\t\t\t\t\t<\/div>\n\t\t<\/div>\n\t\t\t\t\t<\/div>\n\t\t<\/section>\n\t\t\t\t<\/div>\n\t\t","protected":false},"excerpt":{"rendered":"<p>Mre\u017eni foto naponski (FN) sustavi &#8211; on grid Smanjite tro\u0161ak elektri\u010dne energije u va\u0161oj ku\u0107i ili poduze\u0107u instaliranjem sun\u010dane (fotonaponske) elektrane za vlastitu potro\u0161nju, odnosno samoopskrbu, uz mogu\u0107nost sufinanciranja sredstvima europskih i hrvatskih fondova za obnovljive izvore energije i energetsku u\u010dinkovitost. Sun\u010dana elektrana je spojena na va\u0161u instalaciju, u paralelnom radu s mre\u017eom. Proizvedenu energiju [&hellip;]<\/p>\n","protected":false},"author":1,"featured_media":0,"parent":0,"menu_order":0,"comment_status":"closed","ping_status":"closed","template":"elementor_header_footer","meta":{"footnotes":""},"class_list":["post-620","page","type-page","status-publish","hentry"],"jetpack_sharing_enabled":true,"_links":{"self":[{"href":"https:\/\/solarinstalacije.hr\/index.php\/wp-json\/wp\/v2\/pages\/620","targetHints":{"allow":["GET"]}}],"collection":[{"href":"https:\/\/solarinstalacije.hr\/index.php\/wp-json\/wp\/v2\/pages"}],"about":[{"href":"https:\/\/solarinstalacije.hr\/index.php\/wp-json\/wp\/v2\/types\/page"}],"author":[{"embeddable":true,"href":"https:\/\/solarinstalacije.hr\/index.php\/wp-json\/wp\/v2\/users\/1"}],"replies":[{"embeddable":true,"href":"https:\/\/solarinstalacije.hr\/index.php\/wp-json\/wp\/v2\/comments?post=620"}],"version-history":[{"count":14,"href":"https:\/\/solarinstalacije.hr\/index.php\/wp-json\/wp\/v2\/pages\/620\/revisions"}],"predecessor-version":[{"id":733,"href":"https:\/\/solarinstalacije.hr\/index.php\/wp-json\/wp\/v2\/pages\/620\/revisions\/733"}],"wp:attachment":[{"href":"https:\/\/solarinstalacije.hr\/index.php\/wp-json\/wp\/v2\/media?parent=620"}],"curies":[{"name":"wp","href":"https:\/\/api.w.org\/{rel}","templated":true}]}}