       {"id":638,"date":"2020-08-20T16:18:39","date_gmt":"2020-08-20T16:18:39","guid":{"rendered":"http:\/\/solarinstalacije.hr\/?page_id=638"},"modified":"2020-08-20T17:18:39","modified_gmt":"2020-08-20T17:18:39","slug":"otocni-fn-sustavi-off-grid","status":"publish","type":"page","link":"https:\/\/solarinstalacije.hr\/index.php\/otocni-fn-sustavi-off-grid\/","title":{"rendered":"Oto\u010dni FN sustavi &#8211; off grid"},"content":{"rendered":"\t\t<div data-elementor-type=\"wp-page\" data-elementor-id=\"638\" class=\"elementor elementor-638\">\n\t\t\t\t\t\t<section class=\"elementor-section elementor-top-section elementor-element elementor-element-f4ff155 elementor-section-boxed elementor-section-height-default elementor-section-height-default\" data-id=\"f4ff155\" data-element_type=\"section\">\n\t\t\t\t\t\t<div class=\"elementor-container elementor-column-gap-default\">\n\t\t\t\t\t<div class=\"elementor-column elementor-col-100 elementor-top-column elementor-element elementor-element-cada5b1\" data-id=\"cada5b1\" data-element_type=\"column\">\n\t\t\t<div class=\"elementor-widget-wrap elementor-element-populated\">\n\t\t\t\t\t\t<div class=\"elementor-element elementor-element-510389c elementor-widget elementor-widget-heading\" data-id=\"510389c\" data-element_type=\"widget\" data-widget_type=\"heading.default\">\n\t\t\t\t<div class=\"elementor-widget-container\">\n\t\t\t\t\t<h2 class=\"elementor-heading-title elementor-size-default\">Oto\u010dni foto naponski (FN) sustavi - off grid<\/h2>\t\t\t\t<\/div>\n\t\t\t\t<\/div>\n\t\t\t\t<div class=\"elementor-element elementor-element-1b86cac elementor-widget-divider--view-line elementor-widget elementor-widget-divider\" data-id=\"1b86cac\" data-element_type=\"widget\" data-widget_type=\"divider.default\">\n\t\t\t\t<div class=\"elementor-widget-container\">\n\t\t\t\t\t\t\t<div class=\"elementor-divider\">\n\t\t\t<span class=\"elementor-divider-separator\">\n\t\t\t\t\t\t<\/span>\n\t\t<\/div>\n\t\t\t\t\t\t<\/div>\n\t\t\t\t<\/div>\n\t\t\t\t\t<\/div>\n\t\t<\/div>\n\t\t\t\t\t<\/div>\n\t\t<\/section>\n\t\t\t\t<section class=\"elementor-section elementor-top-section elementor-element elementor-element-534c329 elementor-section-boxed elementor-section-height-default elementor-section-height-default\" data-id=\"534c329\" data-element_type=\"section\">\n\t\t\t\t\t\t<div class=\"elementor-container elementor-column-gap-default\">\n\t\t\t\t\t<div class=\"elementor-column elementor-col-50 elementor-top-column elementor-element elementor-element-1008615\" data-id=\"1008615\" data-element_type=\"column\">\n\t\t\t<div class=\"elementor-widget-wrap elementor-element-populated\">\n\t\t\t\t\t\t<div class=\"elementor-element elementor-element-769e2e6 elementor-drop-cap-yes elementor-drop-cap-view-default elementor-widget elementor-widget-text-editor\" data-id=\"769e2e6\" data-element_type=\"widget\" data-settings=\"{&quot;drop_cap&quot;:&quot;yes&quot;}\" data-widget_type=\"text-editor.default\">\n\t\t\t\t<div class=\"elementor-widget-container\">\n\t\t\t\t\t\t\t\t\t<div class=\"auto-format fx--appear ui--animation-fire\"><p style=\"text-align: justify;\">Takvi sustavi akumuliraju energiju u baterijama kako bi garantirali opskrbu energije no\u0107u i u nepovoljnim metereolo\u0161kim uvjetima, a ako potro\u0161a\u010di funkcioniraju na izmjeni\u010dnu struju, dodaje se i inverter-izmjenjiva\u010d (pretvara\u010d napona) koji pretvara izlaznu, istosmjernu struju iz modula u potrebnu, izmjeni\u010dnu struju za napajanje potro\u0161a\u010da.Izolirani sustavi \u0161tite okoli\u0161 i tako\u0111er pru\u017eaju energetsku neovisnost (Nema ra\u010duna).<\/p><\/div><div class=\"auto-format fx--appear ui--animation-fire\"><p>Po\u0161to je sama instalacija sustava jednostavna, prakti\u010dne mogu\u0107nosti kori\u0161tenja su raznolike, te se sustav mo\u017ee koristiti kod:<\/p><\/div><ul class=\"ui--list list-circle parent-5\"><li class=\"child-1 total-8 fx--appear ui--animation-fire\"><p>Izoliranih\/izdvojenih objekata (vikendice, udaljena sela \u2026)<\/p><\/li><li class=\"child-2 total-8 fx--appear ui--animation-fire\"><p>Telekomunikacijskih sustava (oda\u0161ilja\u010di, repetitori i bazne stanice radio\/TV, fiksne i mobilne telefonije)<\/p><\/li><li class=\"child-3 total-8 fx--appear ui--animation-fire\"><p>Uli\u010dne rasvjete (neelektrificirana prigradska raskri\u017eja, parkirali\u0161ta)<\/p><\/li><li class=\"child-4 total-8 fx--appear ui--animation-fire\"><p>Pokretne prometne signalizacije (cestovne, \u017eeljezni\u010dke i zra\u010dne)<\/p><\/li><li class=\"child-5 total-8 fx--appear ui--animation-fire\"><p>Vodocrpili\u0161ta (za navodnjavanje, izvora i bunara)<\/p><\/li><li class=\"child-6 total-8 fx--appear ui--animation-fire\"><p>Mobilnih jedinica, kamping ku\u0107ica, kampera i plovila<\/p><\/li><li class=\"child-7 total-8 fx--appear ui--animation-fire\"><p>Svjetionika, signalnih pluta\u010da i platformi na moru<\/p><\/li><li class=\"child-8 total-8 fx--appear ui--animation-fire\"><p>Sustava za automatsko prikupljanje i pra\u0107enje podataka (mjerno-kontrolne stanice za meteorolo\u0161ke, klimatske, seizmolo\u0161ke, hidrolo\u0161ke, ekolo\u0161ke i sl. namjene)<\/p><\/li><\/ul>\t\t\t\t\t\t\t\t<\/div>\n\t\t\t\t<\/div>\n\t\t\t\t\t<\/div>\n\t\t<\/div>\n\t\t\t\t<div class=\"elementor-column elementor-col-50 elementor-top-column elementor-element elementor-element-cb775ef\" data-id=\"cb775ef\" data-element_type=\"column\">\n\t\t\t<div class=\"elementor-widget-wrap elementor-element-populated\">\n\t\t\t\t\t\t<div class=\"elementor-element elementor-element-8608f7d elementor-widget elementor-widget-image\" data-id=\"8608f7d\" data-element_type=\"widget\" data-widget_type=\"image.default\">\n\t\t\t\t<div class=\"elementor-widget-container\">\n\t\t\t\t\t\t\t\t\t\t\t\t\t\t\t\t<a href=\"http:\/\/solarinstalacije.hr\/wp-content\/uploads\/2020\/08\/otocni.jpg\" data-elementor-open-lightbox=\"yes\" data-elementor-lightbox-title=\"otocni\" data-e-action-hash=\"#elementor-action%3Aaction%3Dlightbox%26settings%3DeyJpZCI6NjQwLCJ1cmwiOiJodHRwczpcL1wvc29sYXJpbnN0YWxhY2lqZS5oclwvd3AtY29udGVudFwvdXBsb2Fkc1wvMjAyMFwvMDhcL290b2NuaS5qcGcifQ%3D%3D\">\n\t\t\t\t\t\t\t<img fetchpriority=\"high\" decoding=\"async\" width=\"401\" height=\"244\" src=\"https:\/\/solarinstalacije.hr\/wp-content\/uploads\/2020\/08\/otocni.jpg\" class=\"attachment-large size-large wp-image-640\" alt=\"\" srcset=\"https:\/\/solarinstalacije.hr\/wp-content\/uploads\/2020\/08\/otocni.jpg 401w, https:\/\/solarinstalacije.hr\/wp-content\/uploads\/2020\/08\/otocni-300x183.jpg 300w\" sizes=\"(max-width: 401px) 100vw, 401px\" \/>\t\t\t\t\t\t\t\t<\/a>\n\t\t\t\t\t\t\t\t\t\t\t\t\t\t\t<\/div>\n\t\t\t\t<\/div>\n\t\t\t\t\t<\/div>\n\t\t<\/div>\n\t\t\t\t\t<\/div>\n\t\t<\/section>\n\t\t\t\t<section class=\"elementor-section elementor-top-section elementor-element elementor-element-e6badf8 elementor-section-boxed elementor-section-height-default elementor-section-height-default\" data-id=\"e6badf8\" data-element_type=\"section\">\n\t\t\t\t\t\t<div class=\"elementor-container elementor-column-gap-default\">\n\t\t\t\t\t<div class=\"elementor-column elementor-col-100 elementor-top-column elementor-element elementor-element-71177bb\" data-id=\"71177bb\" data-element_type=\"column\">\n\t\t\t<div class=\"elementor-widget-wrap elementor-element-populated\">\n\t\t\t\t\t\t<div class=\"elementor-element elementor-element-cce18bc elementor-align-center elementor-widget elementor-widget-button\" data-id=\"cce18bc\" data-element_type=\"widget\" data-widget_type=\"button.default\">\n\t\t\t\t<div class=\"elementor-widget-container\">\n\t\t\t\t\t\t\t\t\t<div class=\"elementor-button-wrapper\">\n\t\t\t\t\t<a class=\"elementor-button elementor-button-link elementor-size-sm\" href=\"\/index.php\/kontakt\" target=\"_blank\">\n\t\t\t\t\t\t<span class=\"elementor-button-content-wrapper\">\n\t\t\t\t\t\t<span class=\"elementor-button-icon\">\n\t\t\t\t<i aria-hidden=\"true\" class=\"far fa-bell\"><\/i>\t\t\t<\/span>\n\t\t\t\t\t\t\t\t\t<span class=\"elementor-button-text\">VA\u0160 PRVI KORAK<\/span>\n\t\t\t\t\t<\/span>\n\t\t\t\t\t<\/a>\n\t\t\t\t<\/div>\n\t\t\t\t\t\t\t\t<\/div>\n\t\t\t\t<\/div>\n\t\t\t\t\t<\/div>\n\t\t<\/div>\n\t\t\t\t\t<\/div>\n\t\t<\/section>\n\t\t\t\t<section class=\"elementor-section elementor-top-section elementor-element elementor-element-6e8b92b elementor-section-boxed elementor-section-height-default elementor-section-height-default\" data-id=\"6e8b92b\" data-element_type=\"section\" data-settings=\"{&quot;background_background&quot;:&quot;classic&quot;}\">\n\t\t\t\t\t\t<div class=\"elementor-container elementor-column-gap-default\">\n\t\t\t\t\t<div class=\"elementor-column elementor-col-100 elementor-top-column elementor-element elementor-element-cc79f60\" data-id=\"cc79f60\" data-element_type=\"column\">\n\t\t\t<div class=\"elementor-widget-wrap\">\n\t\t\t\t\t\t\t<\/div>\n\t\t<\/div>\n\t\t\t\t\t<\/div>\n\t\t<\/section>\n\t\t\t\t<\/div>\n\t\t","protected":false},"excerpt":{"rendered":"<p>Oto\u010dni foto naponski (FN) sustavi &#8211; off grid Takvi sustavi akumuliraju energiju u baterijama kako bi garantirali opskrbu energije no\u0107u i u nepovoljnim metereolo\u0161kim uvjetima, a ako potro\u0161a\u010di funkcioniraju na izmjeni\u010dnu struju, dodaje se i inverter-izmjenjiva\u010d (pretvara\u010d napona) koji pretvara izlaznu, istosmjernu struju iz modula u potrebnu, izmjeni\u010dnu struju za napajanje potro\u0161a\u010da.Izolirani sustavi \u0161tite okoli\u0161 [&hellip;]<\/p>\n","protected":false},"author":1,"featured_media":0,"parent":0,"menu_order":0,"comment_status":"closed","ping_status":"closed","template":"elementor_header_footer","meta":{"footnotes":""},"class_list":["post-638","page","type-page","status-publish","hentry"],"jetpack_sharing_enabled":true,"_links":{"self":[{"href":"https:\/\/solarinstalacije.hr\/index.php\/wp-json\/wp\/v2\/pages\/638","targetHints":{"allow":["GET"]}}],"collection":[{"href":"https:\/\/solarinstalacije.hr\/index.php\/wp-json\/wp\/v2\/pages"}],"about":[{"href":"https:\/\/solarinstalacije.hr\/index.php\/wp-json\/wp\/v2\/types\/page"}],"author":[{"embeddable":true,"href":"https:\/\/solarinstalacije.hr\/index.php\/wp-json\/wp\/v2\/users\/1"}],"replies":[{"embeddable":true,"href":"https:\/\/solarinstalacije.hr\/index.php\/wp-json\/wp\/v2\/comments?post=638"}],"version-history":[{"count":15,"href":"https:\/\/solarinstalacije.hr\/index.php\/wp-json\/wp\/v2\/pages\/638\/revisions"}],"predecessor-version":[{"id":672,"href":"https:\/\/solarinstalacije.hr\/index.php\/wp-json\/wp\/v2\/pages\/638\/revisions\/672"}],"wp:attachment":[{"href":"https:\/\/solarinstalacije.hr\/index.php\/wp-json\/wp\/v2\/media?parent=638"}],"curies":[{"name":"wp","href":"https:\/\/api.w.org\/{rel}","templated":true}]}}