       {"id":695,"date":"2020-08-21T04:41:35","date_gmt":"2020-08-21T04:41:35","guid":{"rendered":"http:\/\/solarinstalacije.hr\/?page_id=695"},"modified":"2020-08-21T06:10:33","modified_gmt":"2020-08-21T06:10:33","slug":"montirane-na-zemlji","status":"publish","type":"page","link":"https:\/\/solarinstalacije.hr\/index.php\/montirane-na-zemlji\/","title":{"rendered":"MONTIRANE NA ZEMLJI"},"content":{"rendered":"\t\t<div data-elementor-type=\"wp-page\" data-elementor-id=\"695\" class=\"elementor elementor-695\">\n\t\t\t\t\t\t<section class=\"elementor-section elementor-top-section elementor-element elementor-element-3f4baf5 elementor-section-boxed elementor-section-height-default elementor-section-height-default\" data-id=\"3f4baf5\" data-element_type=\"section\">\n\t\t\t\t\t\t<div class=\"elementor-container elementor-column-gap-default\">\n\t\t\t\t\t<div class=\"elementor-column elementor-col-100 elementor-top-column elementor-element elementor-element-4e34b7b\" data-id=\"4e34b7b\" data-element_type=\"column\">\n\t\t\t<div class=\"elementor-widget-wrap elementor-element-populated\">\n\t\t\t\t\t\t<div class=\"elementor-element elementor-element-aa7da37 elementor-widget elementor-widget-heading\" data-id=\"aa7da37\" data-element_type=\"widget\" data-widget_type=\"heading.default\">\n\t\t\t\t<div class=\"elementor-widget-container\">\n\t\t\t\t\t<h2 class=\"elementor-heading-title elementor-size-default\">Solarne elektrane montirane na zemlji<\/h2>\t\t\t\t<\/div>\n\t\t\t\t<\/div>\n\t\t\t\t<div class=\"elementor-element elementor-element-f044955 elementor-widget-divider--view-line elementor-widget elementor-widget-divider\" data-id=\"f044955\" data-element_type=\"widget\" data-widget_type=\"divider.default\">\n\t\t\t\t<div class=\"elementor-widget-container\">\n\t\t\t\t\t\t\t<div class=\"elementor-divider\">\n\t\t\t<span class=\"elementor-divider-separator\">\n\t\t\t\t\t\t<\/span>\n\t\t<\/div>\n\t\t\t\t\t\t<\/div>\n\t\t\t\t<\/div>\n\t\t\t\t\t<\/div>\n\t\t<\/div>\n\t\t\t\t\t<\/div>\n\t\t<\/section>\n\t\t\t\t<section class=\"elementor-section elementor-top-section elementor-element elementor-element-2d1da6c elementor-section-boxed elementor-section-height-default elementor-section-height-default\" data-id=\"2d1da6c\" data-element_type=\"section\">\n\t\t\t\t\t\t<div class=\"elementor-container elementor-column-gap-default\">\n\t\t\t\t\t<div class=\"elementor-column elementor-col-50 elementor-top-column elementor-element elementor-element-f16cbbf\" data-id=\"f16cbbf\" data-element_type=\"column\">\n\t\t\t<div class=\"elementor-widget-wrap elementor-element-populated\">\n\t\t\t\t\t\t<div class=\"elementor-element elementor-element-221c8a9 elementor-drop-cap-yes elementor-drop-cap-view-stacked elementor-widget elementor-widget-text-editor\" data-id=\"221c8a9\" data-element_type=\"widget\" data-settings=\"{&quot;drop_cap&quot;:&quot;yes&quot;}\" data-widget_type=\"text-editor.default\">\n\t\t\t\t<div class=\"elementor-widget-container\">\n\t\t\t\t\t\t\t\t\t<p style=\"text-align: justify;\"><span style=\"color: #000000;\">Investitorima nudimo na\u0161u pomo\u0107 u dizajniranju i isporuci cjelokupnog asortimana opreme i materijala, kao i provo\u0111enju gra\u0111evinskih, instalacijskih radova i pu\u0161tanja u pogon te, odr\u017eavanju solarnih elektrana. Pru\u017eamo usluge <strong>&#8220;klju\u010d u ruke&#8221;<\/strong> za izgradnju solarnih elektrana. Spremni smo ponuditi prijedlog tipi\u010dnog projekta solarne elektrane, kao i razvoj individualne varijante koja \u0107e uzeti u obzir sve \u017eelje kupca i osobitosti mjesta (objekta), gdje \u0107e se instalacija provoditi.<\/span><\/p><p style=\"text-align: justify;\"><span style=\"color: #000000;\">Montiranje solarnih elektrana na zemlji u svijetu je prili\u010dno popularna. Velika prednost pri zemaljskom rasporedu solarnih (FN) panela je ta \u0161to se lako orijentiraju prema jugu s optimalnim kutom nagiba u odnosu na povr\u0161inu zemlje, koji vam omogu\u0107uje da dobijete maksimalnu koli\u010dinu <strong>sun\u010deve energije<\/strong>. Solarna elektrana montirana na zemlji mo\u017ee se postupno pro\u0161iriti na bilo koju veli\u010dinu kako sredstva investitora budu dostupna. Zemlji\u0161te za izgradnju solarne elektrane mo\u017ee biti i u posjedu i u zakupu. Tako\u0111er je prikladno izvesti instalaciju i naknadno odr\u017eavanje solarnih elektrana izgra\u0111enih na zemlji.<\/span><\/p><p style=\"text-align: justify;\"><span style=\"color: #000000;\">Ovako montirane solarne elektrane mogu biti <em><strong><a style=\"color: #000000;\" href=\"\/index.php\/mrezni-fn-sustavi-on-grid\/\" target=\"_blank\" rel=\"noopener\">priklju\u010dene na mre\u017eu (on grid)<\/a><\/strong><\/em> ili oto\u010dne odnosno solarne elektrane koje <em><strong><a style=\"color: #000000;\" href=\"\/index.php\/otocni-fn-sustavi-off-grid\/\" target=\"_blank\" rel=\"noopener\">nisu priklju\u010dene na mre\u017eu (off grid)<\/a><\/strong><\/em>.<\/span><\/p><p style=\"text-align: justify;\"><span style=\"color: #000000;\"><em>Usluge izgradnje solarne elektrane na zemlji<\/em><br \/><\/span><\/p><p style=\"text-align: justify;\"><span style=\"color: #000000;\">Me\u0111u uslugama koje pru\u017eamo u sklopu provedbe poslovnih projekata izgradnje zemaljskih solarnih postrojenja, mogu se izdvojiti sljede\u0107e:<\/span><\/p><ul><li><p><span style=\"color: #000000;\">pomo\u0107 u odabiru odgovaraju\u0107e lokacije,<\/span><\/p><\/li><li><p><span style=\"color: #000000;\">razvoj najoptimalnijeg <strong>koncepta<\/strong> provedbe projekta,<\/span><\/p><\/li><li><p><span style=\"color: #000000;\">istra\u017eiva\u010dki radovi,<\/span><\/p><\/li><li><p><span style=\"color: #000000;\">pomo\u0107 u dobivanju <strong>tehni\u010dkih uvjeta<\/strong> za priklju\u010denje na vanjsku elektri\u010dnu mre\u017eu,<\/span><\/p><\/li><li><p><span style=\"color: #000000;\">izrada detaljnog dizajna za izgradnju solarne elektrane,<\/span><\/p><\/li><li><p>o<span style=\"color: #000000;\">dabir i opskrba osnovnom opremom, materijalima i komponentama,<\/span><\/p><\/li><li><p><span style=\"color: #000000;\">izgradnja, ugradnja i pu\u0161tanje u pogon,<\/span><\/p><\/li><li><p style=\"text-align: justify;\"><span style=\"color: #000000;\">pra\u0107enje tijeka dobivanja dozvole za proizvodnju elektri\u010dne energije, izdavanje zelene tarife, potpisivanje svih potrebnih ugovora potrebnih za prodaju elektri\u010dne energije.<\/span><\/p><\/li><\/ul><p style=\"text-align: justify;\"><span style=\"color: #000000;\">Raspored realizacije projekta za solarnu elektranu montiranu na zemlji odre\u0111en je mnogim \u010dimbenicima. Prije svega, to je trenutni status projekta, instalirani kapacitet i vrsta solarne elektrane. U prosjeku, dizajn traje 2-3 mjeseca, isporuka opreme &#8211; do 2 mjeseca, a izrada &#8211; od 1 do 4 mjeseca. Ovi se koraci mogu djelomi\u010dno preklapati, smanjuju\u0107i ukupno trajanje projekta. Me\u0111utim, prilikom planiranja plana projekta izgradnje industrijske solarne elektrane ne smije se zaboraviti i mora se uzeti u obzir vrijeme potrebno za dobivanje <strong>dozvola<\/strong>, \u0161to mo\u017ee zna\u010dajno utjecati na ukupno trajanje svih faza rada. Sa nama mo\u017eete o\u010dekivati \u200b\u200bda \u0107e sve faze \u017eivotnog ciklusa projekta biti zavr\u0161ene u najkra\u0107em mogu\u0107em roku bez naru\u0161avanja kvalitete i prora\u010duna.<\/span><\/p><p style=\"text-align: justify;\"><span style=\"color: #000000;\">Izvode\u0107i radove na montiranju solarne elektrane, uzimamo u obzir sve pojedina\u010dne karakteristike i <strong>\u017eelje<\/strong> kupca. Tehni\u010dka rje\u0161enja koja nudimo temelje se na poznatim svjetskim brandovima. Svi stru\u010dnjaci i ugovorne organizacije koji su uklju\u010deni u radove na projektiranju i izgradnji imaju dugogodi\u0161nje iskustvo i stalno se obu\u010davaju i testiraju.<\/span><\/p>\t\t\t\t\t\t\t\t<\/div>\n\t\t\t\t<\/div>\n\t\t\t\t\t<\/div>\n\t\t<\/div>\n\t\t\t\t<div class=\"elementor-column elementor-col-50 elementor-top-column elementor-element elementor-element-dd9fd4f\" data-id=\"dd9fd4f\" data-element_type=\"column\">\n\t\t\t<div class=\"elementor-widget-wrap elementor-element-populated\">\n\t\t\t\t\t\t<div class=\"elementor-element elementor-element-92da736 elementor-widget elementor-widget-image\" data-id=\"92da736\" data-element_type=\"widget\" data-widget_type=\"image.default\">\n\t\t\t\t<div class=\"elementor-widget-container\">\n\t\t\t\t\t\t\t\t\t\t\t\t\t\t\t<img fetchpriority=\"high\" decoding=\"async\" width=\"1024\" height=\"768\" src=\"https:\/\/solarinstalacije.hr\/wp-content\/uploads\/2020\/08\/WhatsApp-Image-2020-08-10-at-19.35.32-1024x768.jpeg\" class=\"attachment-large size-large wp-image-441\" alt=\"\" srcset=\"https:\/\/solarinstalacije.hr\/wp-content\/uploads\/2020\/08\/WhatsApp-Image-2020-08-10-at-19.35.32-1024x768.jpeg 1024w, https:\/\/solarinstalacije.hr\/wp-content\/uploads\/2020\/08\/WhatsApp-Image-2020-08-10-at-19.35.32-300x225.jpeg 300w, https:\/\/solarinstalacije.hr\/wp-content\/uploads\/2020\/08\/WhatsApp-Image-2020-08-10-at-19.35.32-768x576.jpeg 768w, https:\/\/solarinstalacije.hr\/wp-content\/uploads\/2020\/08\/WhatsApp-Image-2020-08-10-at-19.35.32-1536x1152.jpeg 1536w, https:\/\/solarinstalacije.hr\/wp-content\/uploads\/2020\/08\/WhatsApp-Image-2020-08-10-at-19.35.32.jpeg 1600w\" sizes=\"(max-width: 1024px) 100vw, 1024px\" \/>\t\t\t\t\t\t\t\t\t\t\t\t\t\t\t<\/div>\n\t\t\t\t<\/div>\n\t\t\t\t\t<\/div>\n\t\t<\/div>\n\t\t\t\t\t<\/div>\n\t\t<\/section>\n\t\t\t\t<section class=\"elementor-section elementor-top-section elementor-element elementor-element-198a649 elementor-section-boxed elementor-section-height-default elementor-section-height-default\" data-id=\"198a649\" data-element_type=\"section\">\n\t\t\t\t\t\t<div class=\"elementor-container elementor-column-gap-default\">\n\t\t\t\t\t<div class=\"elementor-column elementor-col-100 elementor-top-column elementor-element elementor-element-7cf7e6f\" data-id=\"7cf7e6f\" data-element_type=\"column\">\n\t\t\t<div class=\"elementor-widget-wrap elementor-element-populated\">\n\t\t\t\t\t\t<div class=\"elementor-element elementor-element-17f6bd2 elementor-align-center elementor-widget elementor-widget-button\" data-id=\"17f6bd2\" data-element_type=\"widget\" data-widget_type=\"button.default\">\n\t\t\t\t<div class=\"elementor-widget-container\">\n\t\t\t\t\t\t\t\t\t<div class=\"elementor-button-wrapper\">\n\t\t\t\t\t<a class=\"elementor-button elementor-button-link elementor-size-sm\" href=\"\/index.php\/kontakt\" target=\"_blank\">\n\t\t\t\t\t\t<span class=\"elementor-button-content-wrapper\">\n\t\t\t\t\t\t<span class=\"elementor-button-icon\">\n\t\t\t\t<i aria-hidden=\"true\" class=\"far fa-bell\"><\/i>\t\t\t<\/span>\n\t\t\t\t\t\t\t\t\t<span class=\"elementor-button-text\">VA\u0160 PRVI KORAK<\/span>\n\t\t\t\t\t<\/span>\n\t\t\t\t\t<\/a>\n\t\t\t\t<\/div>\n\t\t\t\t\t\t\t\t<\/div>\n\t\t\t\t<\/div>\n\t\t\t\t\t<\/div>\n\t\t<\/div>\n\t\t\t\t\t<\/div>\n\t\t<\/section>\n\t\t\t\t<section class=\"elementor-section elementor-top-section elementor-element elementor-element-dfd2c8e elementor-section-boxed elementor-section-height-default elementor-section-height-default\" data-id=\"dfd2c8e\" data-element_type=\"section\" data-settings=\"{&quot;background_background&quot;:&quot;classic&quot;}\">\n\t\t\t\t\t\t<div class=\"elementor-container elementor-column-gap-default\">\n\t\t\t\t\t<div class=\"elementor-column elementor-col-100 elementor-top-column elementor-element elementor-element-43405b4\" data-id=\"43405b4\" data-element_type=\"column\">\n\t\t\t<div class=\"elementor-widget-wrap\">\n\t\t\t\t\t\t\t<\/div>\n\t\t<\/div>\n\t\t\t\t\t<\/div>\n\t\t<\/section>\n\t\t\t\t<\/div>\n\t\t","protected":false},"excerpt":{"rendered":"<p>Solarne elektrane montirane na zemlji Investitorima nudimo na\u0161u pomo\u0107 u dizajniranju i isporuci cjelokupnog asortimana opreme i materijala, kao i provo\u0111enju gra\u0111evinskih, instalacijskih radova i pu\u0161tanja u pogon te, odr\u017eavanju solarnih elektrana. Pru\u017eamo usluge &#8220;klju\u010d u ruke&#8221; za izgradnju solarnih elektrana. Spremni smo ponuditi prijedlog tipi\u010dnog projekta solarne elektrane, kao i razvoj individualne varijante koja [&hellip;]<\/p>\n","protected":false},"author":1,"featured_media":0,"parent":0,"menu_order":0,"comment_status":"closed","ping_status":"closed","template":"elementor_header_footer","meta":{"footnotes":""},"class_list":["post-695","page","type-page","status-publish","hentry"],"jetpack_sharing_enabled":true,"_links":{"self":[{"href":"https:\/\/solarinstalacije.hr\/index.php\/wp-json\/wp\/v2\/pages\/695","targetHints":{"allow":["GET"]}}],"collection":[{"href":"https:\/\/solarinstalacije.hr\/index.php\/wp-json\/wp\/v2\/pages"}],"about":[{"href":"https:\/\/solarinstalacije.hr\/index.php\/wp-json\/wp\/v2\/types\/page"}],"author":[{"embeddable":true,"href":"https:\/\/solarinstalacije.hr\/index.php\/wp-json\/wp\/v2\/users\/1"}],"replies":[{"embeddable":true,"href":"https:\/\/solarinstalacije.hr\/index.php\/wp-json\/wp\/v2\/comments?post=695"}],"version-history":[{"count":27,"href":"https:\/\/solarinstalacije.hr\/index.php\/wp-json\/wp\/v2\/pages\/695\/revisions"}],"predecessor-version":[{"id":740,"href":"https:\/\/solarinstalacije.hr\/index.php\/wp-json\/wp\/v2\/pages\/695\/revisions\/740"}],"wp:attachment":[{"href":"https:\/\/solarinstalacije.hr\/index.php\/wp-json\/wp\/v2\/media?parent=695"}],"curies":[{"name":"wp","href":"https:\/\/api.w.org\/{rel}","templated":true}]}}